{"id":1720,"date":"2016-11-17T08:29:19","date_gmt":"2016-11-17T08:29:19","guid":{"rendered":"https:\/\/www.cabalgatadehortaleza.org\/?page_id=1720"},"modified":"2023-11-18T09:34:01","modified_gmt":"2023-11-18T08:34:01","slug":"codigo-etico","status":"publish","type":"page","link":"https:\/\/www.cabalgatadehortaleza.org\/?page_id=1720","title":{"rendered":"C\u00f3digo \u00e9tico"},"content":{"rendered":"<p style=\"text-align: center;\"><strong>C\u00f3digo \u00e9tico de la Cabalgata Participativa de Hortaleza<\/strong><\/p>\n<div style=\"text-align: justify; text-justify: distribute-all-lines;\">La Cabalgata de Hortaleza es una plataforma formada por varias entidades y colectivos, que lleva a\u00f1os desarrollando cada mes de enero la Cabalgata de Reyes del barrio del Hortaleza, \u00abla de toda la vida\u00bb. En esta plataforma participan colectivos que trabajan con infancia, adolescencia, juveniles, asociaciones culturales y deportivas, asociaciones vecinales, AMPAS de colegios del distrito, y otros grupos y colectivos. Todos ellos trabajan en conjunto y de forma asamblearia, decidiendo de esta forma c\u00f3mo llevar a cabo cada una de las cuestiones referidas a la organizaci\u00f3n, de una forma horizontal.<\/div>\n<p>Y en consecuencia de lo que somos y fomentamos los colectivos que componemos la Plataforma, se aceptar\u00e1 la participaci\u00f3n en la Cabalgata Participativa de Hortaleza de las entidades que, solicit\u00e1ndolo, cumplan los siguientes requisitos:<\/p>\n<ol>\n<li>Fomentar valores de igualdad, y no discriminaci\u00f3n, por razones religiosas, ideol\u00f3gicas, de sexo, de g\u00e9nero, culturales, f\u00edsicas o ps\u00edquicas.<\/li>\n<li>Respeto de los derechos humanos.<\/li>\n<li>Ser entidad sin \u00e1nimo de lucro (excluidos los intereses empresariales) y por tanto no se aceptara la presencia de marcas comerciales.<\/li>\n<li>Entidades o colectivos que fomenten la participaci\u00f3n ciudadana.<\/li>\n<\/ol>\n<p>En cuanto a la tem\u00e1tica de las carrozas se permitir\u00e1n las que cumplan las anteriores condiciones a\u00f1adiendo la no publicidad de intereses comerciales.<\/p>\n<p>&nbsp;<\/p>\n<p><img loading=\"lazy\" decoding=\"async\" class=\"alignnone size-medium wp-image-2609 aligncenter\" src=\"https:\/\/www.cabalgatadehortaleza.org\/wp-content\/uploads\/2023\/11\/LOGO-50-ANOS-CABALGATA-png-300x257.png\" alt=\"\" width=\"300\" height=\"257\" \/><\/p>\n","protected":false},"excerpt":{"rendered":"<p>C\u00f3digo \u00e9tico de la Cabalgata Participativa de Hortaleza La Cabalgata de Hortaleza es una plataforma formada por varias entidades y colectivos, que lleva a\u00f1os desarrollando cada mes de enero la Cabalgata de Reyes del barrio del Hortaleza, \u00abla de toda la vida\u00bb. En esta plataforma participan colectivos que trabajan con infancia, adolescencia, juveniles, asociaciones culturales [&hellip;]<\/p>\n","protected":false},"author":2,"featured_media":0,"parent":0,"menu_order":0,"comment_status":"open","ping_status":"open","template":"","meta":{"_et_pb_use_builder":"","_et_pb_old_content":"","_et_gb_content_width":"","footnotes":""},"class_list":["post-1720","page","type-page","status-publish","hentry"],"_links":{"self":[{"href":"https:\/\/www.cabalgatadehortaleza.org\/index.php?rest_route=\/wp\/v2\/pages\/1720","targetHints":{"allow":["GET"]}}],"collection":[{"href":"https:\/\/www.cabalgatadehortaleza.org\/index.php?rest_route=\/wp\/v2\/pages"}],"about":[{"href":"https:\/\/www.cabalgatadehortaleza.org\/index.php?rest_route=\/wp\/v2\/types\/page"}],"author":[{"embeddable":true,"href":"https:\/\/www.cabalgatadehortaleza.org\/index.php?rest_route=\/wp\/v2\/users\/2"}],"replies":[{"embeddable":true,"href":"https:\/\/www.cabalgatadehortaleza.org\/index.php?rest_route=%2Fwp%2Fv2%2Fcomments&post=1720"}],"version-history":[{"count":1,"href":"https:\/\/www.cabalgatadehortaleza.org\/index.php?rest_route=\/wp\/v2\/pages\/1720\/revisions"}],"predecessor-version":[{"id":2748,"href":"https:\/\/www.cabalgatadehortaleza.org\/index.php?rest_route=\/wp\/v2\/pages\/1720\/revisions\/2748"}],"wp:attachment":[{"href":"https:\/\/www.cabalgatadehortaleza.org\/index.php?rest_route=%2Fwp%2Fv2%2Fmedia&parent=1720"}],"curies":[{"name":"wp","href":"https:\/\/api.w.org\/{rel}","templated":true}]}}