{"id":2635,"date":"2023-11-15T17:59:01","date_gmt":"2023-11-15T16:59:01","guid":{"rendered":"https:\/\/www.cabalgatadehortaleza.org\/?page_id=2635"},"modified":"2023-11-15T18:04:55","modified_gmt":"2023-11-15T17:04:55","slug":"ampa-garcilaso-de-la-vega","status":"publish","type":"page","link":"https:\/\/www.cabalgatadehortaleza.org\/?page_id=2635","title":{"rendered":"AMPA Garcilaso de la Vega"},"content":{"rendered":"<p>[et_pb_section fb_built=\u00bb1&#8243; theme_builder_area=\u00bbpost_content\u00bb _builder_version=\u00bb4.23.1&#8243; _module_preset=\u00bbdefault\u00bb][et_pb_row _builder_version=\u00bb4.23.1&#8243; _module_preset=\u00bbdefault\u00bb theme_builder_area=\u00bbpost_content\u00bb hover_enabled=\u00bb0&#8243; sticky_enabled=\u00bb0&#8243;][et_pb_column _builder_version=\u00bb4.23.1&#8243; _module_preset=\u00bbdefault\u00bb type=\u00bb4_4&#8243; theme_builder_area=\u00bbpost_content\u00bb][et_pb_heading title=\u00bb AMPA Garcilaso de la Vega\u00bb _builder_version=\u00bb4.23.1&#8243; _module_preset=\u00bbdefault\u00bb theme_builder_area=\u00bbpost_content\u00bb hover_enabled=\u00bb0&#8243; sticky_enabled=\u00bb0&#8243;][\/et_pb_heading][et_pb_text _builder_version=\u00bb4.23.1&#8243; _module_preset=\u00bbdefault\u00bb theme_builder_area=\u00bbpost_content\u00bb hover_enabled=\u00bb0&#8243; sticky_enabled=\u00bb0&#8243;]<\/p>\n<p><span>La responsabilidad del \u00e9xito escolar de todo el alumnado no s\u00f3lo recae sobre el alumnado individualmente considerado, sino tambi\u00e9n sobre sus familias, el profesorado, los centros docentes, las Administraciones educativas y, en \u00faltima instancia, sobre la sociedad en su conjunto, responsable \u00faltima de la calidad del sistema educativo.<\/span><\/p>\n<p>[\/et_pb_text][et_pb_image src=\u00bbhttps:\/\/www.cabalgatadehortaleza.org\/wp-content\/uploads\/2023\/11\/LOGO_AMPA_GARCILASO_DE_LA_VEGA.jpg\u00bb _builder_version=\u00bb4.23.1&#8243; _module_preset=\u00bbdefault\u00bb theme_builder_area=\u00bbpost_content\u00bb title_text=\u00bbLOGO_AMPA_GARCILASO_DE_LA_VEGA\u00bb hover_enabled=\u00bb0&#8243; sticky_enabled=\u00bb0&#8243;][\/et_pb_image][et_pb_social_media_follow _builder_version=\u00bb4.23.1&#8243; _module_preset=\u00bbdefault\u00bb theme_builder_area=\u00bbpost_content\u00bb hover_enabled=\u00bb0&#8243; sticky_enabled=\u00bb0&#8243;][et_pb_social_media_follow_network social_network=\u00bbfacebook\u00bb background_color=\u00bb#3b5998&#8243; _builder_version=\u00bb4.23.1&#8243; _module_preset=\u00bbdefault\u00bb follow_button=\u00bboff\u00bb url_new_window=\u00bbon\u00bb theme_builder_area=\u00bbpost_content\u00bb url=\u00bbhttps:\/\/www.facebook.com\/p\/CEIP-Garcilaso-de-la-Vega-AMPA-Hortaleza&#8211;100063462163802\/?locale=hi_IN\u00bb hover_enabled=\u00bb0&#8243; sticky_enabled=\u00bb0&#8243;]facebook[\/et_pb_social_media_follow_network][et_pb_social_media_follow_network social_network=\u00bbtwitter\u00bb background_color=\u00bb#000000&#8243; _builder_version=\u00bb4.23.1&#8243; _module_preset=\u00bbdefault\u00bb follow_button=\u00bboff\u00bb url_new_window=\u00bbon\u00bb theme_builder_area=\u00bbpost_content\u00bb url=\u00bbhttps:\/\/twitter.com\/AMPAGARCILASO\u00bb hover_enabled=\u00bb0&#8243; sticky_enabled=\u00bb0&#8243;]X[\/et_pb_social_media_follow_network][et_pb_social_media_follow_network social_network=\u00bbinstagram\u00bb background_color=\u00bb#ea2c59&#8243; _builder_version=\u00bb4.23.1&#8243; _module_preset=\u00bbdefault\u00bb theme_builder_area=\u00bbpost_content\u00bb follow_button=\u00bboff\u00bb url_new_window=\u00bbon\u00bb url=\u00bbhttps:\/\/www.instagram.com\/ampagarcilasovega\/?hl=es\u00bb hover_enabled=\u00bb0&#8243; sticky_enabled=\u00bb0&#8243;]instagram[\/et_pb_social_media_follow_network][\/et_pb_social_media_follow][\/et_pb_column][\/et_pb_row][\/et_pb_section]<\/p>\n","protected":false},"excerpt":{"rendered":"<p>La responsabilidad del \u00e9xito escolar de todo el alumnado no s\u00f3lo recae sobre el alumnado individualmente considerado, sino tambi\u00e9n sobre sus familias, el profesorado, los centros docentes, las Administraciones educativas y, en \u00faltima instancia, sobre la sociedad en su conjunto, responsable \u00faltima de la calidad del sistema educativo.<\/p>\n","protected":false},"author":2,"featured_media":0,"parent":0,"menu_order":0,"comment_status":"closed","ping_status":"closed","template":"","meta":{"_et_pb_use_builder":"on","_et_pb_old_content":"<p>La responsabilidad del \u00e9xito escolar de todo el alumnado no s\u00f3lo recae sobre el alumnado individualmente considerado, sino tambi\u00e9n sobre sus familias, el profesorado, los centros docentes, las Administraciones educativas y, en \u00faltima instancia, sobre la sociedad en su conjunto, responsable \u00faltima de la calidad del sistema educativo.<\/p><p><img class=\"alignnone size-medium wp-image-2637\" src=\"https:\/\/www.cabalgatadehortaleza.org\/wp-content\/uploads\/2023\/11\/LOGO_AMPA_GARCILASO_DE_LA_VEGA-300x103.jpg\" alt=\"\" width=\"300\" height=\"103\" \/><\/p><p>\u00a0<\/p>","_et_gb_content_width":"","footnotes":""},"class_list":["post-2635","page","type-page","status-publish","hentry"],"_links":{"self":[{"href":"https:\/\/www.cabalgatadehortaleza.org\/index.php?rest_route=\/wp\/v2\/pages\/2635","targetHints":{"allow":["GET"]}}],"collection":[{"href":"https:\/\/www.cabalgatadehortaleza.org\/index.php?rest_route=\/wp\/v2\/pages"}],"about":[{"href":"https:\/\/www.cabalgatadehortaleza.org\/index.php?rest_route=\/wp\/v2\/types\/page"}],"author":[{"embeddable":true,"href":"https:\/\/www.cabalgatadehortaleza.org\/index.php?rest_route=\/wp\/v2\/users\/2"}],"replies":[{"embeddable":true,"href":"https:\/\/www.cabalgatadehortaleza.org\/index.php?rest_route=%2Fwp%2Fv2%2Fcomments&post=2635"}],"version-history":[{"count":4,"href":"https:\/\/www.cabalgatadehortaleza.org\/index.php?rest_route=\/wp\/v2\/pages\/2635\/revisions"}],"predecessor-version":[{"id":2644,"href":"https:\/\/www.cabalgatadehortaleza.org\/index.php?rest_route=\/wp\/v2\/pages\/2635\/revisions\/2644"}],"wp:attachment":[{"href":"https:\/\/www.cabalgatadehortaleza.org\/index.php?rest_route=%2Fwp%2Fv2%2Fmedia&parent=2635"}],"curies":[{"name":"wp","href":"https:\/\/api.w.org\/{rel}","templated":true}]}}