{"id":2645,"date":"2023-11-15T18:07:45","date_gmt":"2023-11-15T17:07:45","guid":{"rendered":"https:\/\/www.cabalgatadehortaleza.org\/?page_id=2645"},"modified":"2023-11-15T18:07:45","modified_gmt":"2023-11-15T17:07:45","slug":"ampa-instituto-conde-de-orgaz","status":"publish","type":"page","link":"https:\/\/www.cabalgatadehortaleza.org\/?page_id=2645","title":{"rendered":"AMPA Instituto Conde de Orgaz"},"content":{"rendered":"<p>[et_pb_section fb_built=\u00bb1&#8243; _builder_version=\u00bb4.23.1&#8243; _module_preset=\u00bbdefault\u00bb global_colors_info=\u00bb{}\u00bb][et_pb_row _builder_version=\u00bb4.23.1&#8243; _module_preset=\u00bbdefault\u00bb global_colors_info=\u00bb{}\u00bb][et_pb_column type=\u00bb4_4&#8243; _builder_version=\u00bb4.23.1&#8243; _module_preset=\u00bbdefault\u00bb global_colors_info=\u00bb{}\u00bb][et_pb_heading title=\u00bbAMPA Instituto Conde de Orgaz\u00bb admin_label=\u00bbT\u00edtulo\u00bb _builder_version=\u00bb4.23.1&#8243; _module_preset=\u00bbdefault\u00bb global_colors_info=\u00bb{}\u00bb][\/et_pb_heading][et_pb_text _builder_version=\u00bb4.23.1&#8243; _module_preset=\u00bbdefault\u00bb global_colors_info=\u00bb{}\u00bb]<\/p>\n<p>Uno de los objetivos del AMPA es conseguir la mejor educaci\u00f3n para nuestros hijas\/es\/os por lo que nuestros pasos est\u00e1n encaminados hacia ese fin.<br \/>A lo largo de la p\u00e1gina ver\u00e1n que hablamos utilizando la \u00abe\u00bb no es una errata si no que usamos un lenguaje inclusivo para que todo el alumnado se sienta al igual representado. Dejando de usar un lenguaje completamente masculino \u00a0dando un paso m\u00e1s del uso de la \u00ab@\u00bb o la\u00bbx\u00bb. Ya que esta ha sido una petici\u00f3n de parte del alumnado.<\/p>\n<p>[\/et_pb_text][et_pb_image src=\u00bbhttps:\/\/www.cabalgatadehortaleza.org\/wp-content\/uploads\/2023\/11\/LOGO_AMPA_CONDE_DE_ORGAZ.png\u00bb title_text=\u00bbLOGO_AMPA_CONDE_DE_ORGAZ\u00bb _builder_version=\u00bb4.23.1&#8243; _module_preset=\u00bbdefault\u00bb global_colors_info=\u00bb{}\u00bb][\/et_pb_image][et_pb_social_media_follow _builder_version=\u00bb4.23.1&#8243; _module_preset=\u00bbdefault\u00bb global_colors_info=\u00bb{}\u00bb][et_pb_social_media_follow_network social_network=\u00bbfacebook\u00bb url=\u00bbhttps:\/\/www.facebook.com\/p\/Ampa-IES-Conde-de-Orgaz-100076292935980\/?paipv=0&#038;eav=AfbA0LrFPzPMnPLjWvkIVcWgWXSmnNuN6uJh-JN9fjumgpYOZ9L-jYyffYX8l3jOkJY&#038;_rdr\u00bb _builder_version=\u00bb4.23.1&#8243; _module_preset=\u00bbdefault\u00bb background_color=\u00bb#3b5998&#8243; global_colors_info=\u00bb{}\u00bb follow_button=\u00bboff\u00bb url_new_window=\u00bbon\u00bb]facebook[\/et_pb_social_media_follow_network][et_pb_social_media_follow_network social_network=\u00bbtwitter\u00bb url=\u00bbhttps:\/\/twitter.com\/AmpaCondeOrgaz\u00bb _builder_version=\u00bb4.23.1&#8243; _module_preset=\u00bbdefault\u00bb background_color=\u00bb#000000&#8243; global_colors_info=\u00bb{}\u00bb follow_button=\u00bboff\u00bb url_new_window=\u00bbon\u00bb]X[\/et_pb_social_media_follow_network][\/et_pb_social_media_follow][\/et_pb_column][\/et_pb_row][\/et_pb_section]<\/p>\n","protected":false},"excerpt":{"rendered":"<p>Uno de los objetivos del AMPA es conseguir la mejor educaci\u00f3n para nuestros hijas\/es\/os por lo que nuestros pasos est\u00e1n encaminados hacia ese fin.A lo largo de la p\u00e1gina ver\u00e1n que hablamos utilizando la \u00abe\u00bb no es una errata si no que usamos un lenguaje inclusivo para que todo el alumnado se sienta al igual [&hellip;]<\/p>\n","protected":false},"author":2,"featured_media":0,"parent":0,"menu_order":0,"comment_status":"closed","ping_status":"closed","template":"","meta":{"_et_pb_use_builder":"on","_et_pb_old_content":"","_et_gb_content_width":"","footnotes":""},"class_list":["post-2645","page","type-page","status-publish","hentry"],"_links":{"self":[{"href":"https:\/\/www.cabalgatadehortaleza.org\/index.php?rest_route=\/wp\/v2\/pages\/2645","targetHints":{"allow":["GET"]}}],"collection":[{"href":"https:\/\/www.cabalgatadehortaleza.org\/index.php?rest_route=\/wp\/v2\/pages"}],"about":[{"href":"https:\/\/www.cabalgatadehortaleza.org\/index.php?rest_route=\/wp\/v2\/types\/page"}],"author":[{"embeddable":true,"href":"https:\/\/www.cabalgatadehortaleza.org\/index.php?rest_route=\/wp\/v2\/users\/2"}],"replies":[{"embeddable":true,"href":"https:\/\/www.cabalgatadehortaleza.org\/index.php?rest_route=%2Fwp%2Fv2%2Fcomments&post=2645"}],"version-history":[{"count":4,"href":"https:\/\/www.cabalgatadehortaleza.org\/index.php?rest_route=\/wp\/v2\/pages\/2645\/revisions"}],"predecessor-version":[{"id":2654,"href":"https:\/\/www.cabalgatadehortaleza.org\/index.php?rest_route=\/wp\/v2\/pages\/2645\/revisions\/2654"}],"wp:attachment":[{"href":"https:\/\/www.cabalgatadehortaleza.org\/index.php?rest_route=%2Fwp%2Fv2%2Fmedia&parent=2645"}],"curies":[{"name":"wp","href":"https:\/\/api.w.org\/{rel}","templated":true}]}}