{"id":2798,"date":"2023-11-16T09:51:39","date_gmt":"2023-11-16T08:51:39","guid":{"rendered":"https:\/\/www.cabalgatadehortaleza.org\/?page_id=2798"},"modified":"2023-11-16T09:51:39","modified_gmt":"2023-11-16T08:51:39","slug":"ampa-ceip-filosofo-seneca","status":"publish","type":"page","link":"https:\/\/www.cabalgatadehortaleza.org\/?page_id=2798","title":{"rendered":"AMPA CEIP Fil\u00f3sofo S\u00e9neca"},"content":{"rendered":"<p>[et_pb_section fb_built=\u00bb1&#8243; _builder_version=\u00bb4.23.1&#8243; _module_preset=\u00bbdefault\u00bb global_colors_info=\u00bb{}\u00bb][et_pb_row _builder_version=\u00bb4.23.1&#8243; _module_preset=\u00bbdefault\u00bb global_colors_info=\u00bb{}\u00bb][et_pb_column type=\u00bb4_4&#8243; _builder_version=\u00bb4.23.1&#8243; _module_preset=\u00bbdefault\u00bb global_colors_info=\u00bb{}\u00bb][et_pb_heading title=\u00bbAMPA CEIP Fil\u00f3sofo S\u00e9neca\u00bb _builder_version=\u00bb4.23.1&#8243; _module_preset=\u00bbdefault\u00bb global_colors_info=\u00bb{}\u00bb][\/et_pb_heading][et_pb_text _builder_version=\u00bb4.23.1&#8243; _module_preset=\u00bbdefault\u00bb global_colors_info=\u00bb{}\u00bb]<\/p>\n<div class=\"gmail_default\"><span style=\"font-family: verdana, sans-serif;\">La AMPA del Fil\u00f3sofo S\u00e9neca es una asociaci\u00f3n sin \u00e1nimo de lucro formada por madres, padres y tutores legales del alumnado del CEIP Fil\u00f3sofo S\u00e9neca. Nuestra finalidad es la de participar, colaborar e intervenir con el Centro, con el objetivo de mejorar la calidad educativa, la formaci\u00f3n del alumnado y sus familias, la atenci\u00f3n a la diversidad y la educaci\u00f3n inclusiva.\u00a0\u00a0<br \/><\/span><\/div>\n<div class=\"gmail_default\"><span style=\"font-family: verdana, sans-serif;\">Para conseguir esos objetivos llevamos a cabo diversas acciones como la gesti\u00f3n de las actividades extraescolares, escuela de familias, gesti\u00f3n de los uniformes etc.\u00a0<\/span><\/div>\n<div class=\"gmail_default\"><span style=\"font-family: verdana, sans-serif;\">Tambi\u00e9n formamos parte del Colectivo de AMPAs de Hortaleza, y defendemos una Escuela P\u00fablica de calidad para todas y para todos.<\/span><\/div>\n<p>[\/et_pb_text][et_pb_image src=\u00bbhttps:\/\/www.cabalgatadehortaleza.org\/wp-content\/uploads\/2023\/11\/AMPA-FILOSOFO-SENECA-scaled.jpg\u00bb title_text=\u00bbAMPA FILOSOFO SENECA\u00bb align=\u00bbcenter\u00bb _builder_version=\u00bb4.23.1&#8243; _module_preset=\u00bbdefault\u00bb width=\u00bb50%\u00bb max_width=\u00bb50%\u00bb module_alignment=\u00bbcenter\u00bb global_colors_info=\u00bb{}\u00bb][\/et_pb_image][et_pb_social_media_follow _builder_version=\u00bb4.23.1&#8243; _module_preset=\u00bbdefault\u00bb text_orientation=\u00bbcenter\u00bb global_colors_info=\u00bb{}\u00bb][et_pb_social_media_follow_network social_network=\u00bbtwitter\u00bb url=\u00bbhttps:\/\/twitter.com\/SenecaAmpa\u00bb _builder_version=\u00bb4.23.1&#8243; _module_preset=\u00bbdefault\u00bb background_color=\u00bb#000000&#8243; global_colors_info=\u00bb{}\u00bb follow_button=\u00bboff\u00bb url_new_window=\u00bbon\u00bb]twitter[\/et_pb_social_media_follow_network][\/et_pb_social_media_follow][\/et_pb_column][\/et_pb_row][\/et_pb_section]<\/p>\n","protected":false},"excerpt":{"rendered":"<p>La AMPA del Fil\u00f3sofo S\u00e9neca es una asociaci\u00f3n sin \u00e1nimo de lucro formada por madres, padres y tutores legales del alumnado del CEIP Fil\u00f3sofo S\u00e9neca. Nuestra finalidad es la de participar, colaborar e intervenir con el Centro, con el objetivo de mejorar la calidad educativa, la formaci\u00f3n del alumnado y sus familias, la atenci\u00f3n a [&hellip;]<\/p>\n","protected":false},"author":2,"featured_media":0,"parent":0,"menu_order":0,"comment_status":"closed","ping_status":"closed","template":"","meta":{"_et_pb_use_builder":"on","_et_pb_old_content":"","_et_gb_content_width":"","footnotes":""},"class_list":["post-2798","page","type-page","status-publish","hentry"],"_links":{"self":[{"href":"https:\/\/www.cabalgatadehortaleza.org\/index.php?rest_route=\/wp\/v2\/pages\/2798","targetHints":{"allow":["GET"]}}],"collection":[{"href":"https:\/\/www.cabalgatadehortaleza.org\/index.php?rest_route=\/wp\/v2\/pages"}],"about":[{"href":"https:\/\/www.cabalgatadehortaleza.org\/index.php?rest_route=\/wp\/v2\/types\/page"}],"author":[{"embeddable":true,"href":"https:\/\/www.cabalgatadehortaleza.org\/index.php?rest_route=\/wp\/v2\/users\/2"}],"replies":[{"embeddable":true,"href":"https:\/\/www.cabalgatadehortaleza.org\/index.php?rest_route=%2Fwp%2Fv2%2Fcomments&post=2798"}],"version-history":[{"count":3,"href":"https:\/\/www.cabalgatadehortaleza.org\/index.php?rest_route=\/wp\/v2\/pages\/2798\/revisions"}],"predecessor-version":[{"id":2804,"href":"https:\/\/www.cabalgatadehortaleza.org\/index.php?rest_route=\/wp\/v2\/pages\/2798\/revisions\/2804"}],"wp:attachment":[{"href":"https:\/\/www.cabalgatadehortaleza.org\/index.php?rest_route=%2Fwp%2Fv2%2Fmedia&parent=2798"}],"curies":[{"name":"wp","href":"https:\/\/api.w.org\/{rel}","templated":true}]}}