{"id":2892,"date":"2023-11-18T09:55:53","date_gmt":"2023-11-18T08:55:53","guid":{"rendered":"https:\/\/www.cabalgatadehortaleza.org\/?page_id=2892"},"modified":"2023-11-18T09:55:56","modified_gmt":"2023-11-18T08:55:56","slug":"asociacion-vecinal-la-union-de-hortaleza","status":"publish","type":"page","link":"https:\/\/www.cabalgatadehortaleza.org\/?page_id=2892","title":{"rendered":"Asociaci\u00f3n Vecinal La Uni\u00f3n de Hortaleza"},"content":{"rendered":"<p>[et_pb_section fb_built=\u00bb1&#8243; _builder_version=\u00bb4.23.1&#8243; _module_preset=\u00bbdefault\u00bb global_colors_info=\u00bb{}\u00bb theme_builder_area=\u00bbpost_content\u00bb][et_pb_row _builder_version=\u00bb4.23.1&#8243; _module_preset=\u00bbdefault\u00bb global_colors_info=\u00bb{}\u00bb theme_builder_area=\u00bbpost_content\u00bb][et_pb_column type=\u00bb4_4&#8243; _builder_version=\u00bb4.23.1&#8243; _module_preset=\u00bbdefault\u00bb global_colors_info=\u00bb{}\u00bb theme_builder_area=\u00bbpost_content\u00bb][et_pb_heading title=\u00bbAsociaci\u00f3n Vecinal La Uni\u00f3n de Hortaleza\u00bb _builder_version=\u00bb4.23.1&#8243; _module_preset=\u00bbdefault\u00bb hover_enabled=\u00bb0&#8243; global_colors_info=\u00bb{}\u00bb theme_builder_area=\u00bbpost_content\u00bb sticky_enabled=\u00bb0&#8243;][\/et_pb_heading][et_pb_text _builder_version=\u00bb4.23.1&#8243; _module_preset=\u00bbdefault\u00bb hover_enabled=\u00bb0&#8243; global_colors_info=\u00bb{}\u00bb theme_builder_area=\u00bbpost_content\u00bb sticky_enabled=\u00bb0&#8243;]<\/p>\n<p>La Asociaci\u00f3n Vecinal La Uni\u00f3n de Hortaleza est\u00e1 formada por un grupo de personas que, vinculadas al territorio de Hortaleza, trabajan para mejorar las condiciones de vida del vecindario, afrontando sus problemas y defendiendo los servicios p\u00fablicos y los derechos sociales (vivienda, educaci\u00f3n, sanidad, cultura, etc.) Lo hacemos, adem\u00e1s, de manera voluntaria y sin\u00a0\u00e1nimo\u00a0de\u00a0lucro.<\/p>\n<p>[\/et_pb_text][et_pb_image src=\u00bbhttps:\/\/www.cabalgatadehortaleza.org\/wp-content\/uploads\/2023\/11\/AVUH-LOGO-Edfcios3.png\u00bb title_text=\u00bbAVUH-LOGO-Edfcios3&#8243; align=\u00bbcenter\u00bb _builder_version=\u00bb4.23.1&#8243; _module_preset=\u00bbdefault\u00bb width=\u00bb50%\u00bb max_width=\u00bb50%\u00bb module_alignment=\u00bbcenter\u00bb hover_enabled=\u00bb0&#8243; global_colors_info=\u00bb{}\u00bb theme_builder_area=\u00bbpost_content\u00bb sticky_enabled=\u00bb0&#8243;][\/et_pb_image][et_pb_social_media_follow _builder_version=\u00bb4.23.1&#8243; _module_preset=\u00bbdefault\u00bb text_orientation=\u00bbcenter\u00bb hover_enabled=\u00bb0&#8243; global_colors_info=\u00bb{}\u00bb theme_builder_area=\u00bbpost_content\u00bb sticky_enabled=\u00bb0&#8243;][et_pb_social_media_follow_network social_network=\u00bbtwitter\u00bb url=\u00bbhttps:\/\/twitter.com\/AVLaUnion\u00bb _builder_version=\u00bb4.23.1&#8243; _module_preset=\u00bbdefault\u00bb background_color=\u00bb#000000&#8243; hover_enabled=\u00bb0&#8243; global_colors_info=\u00bb{}\u00bb theme_builder_area=\u00bbpost_content\u00bb follow_button=\u00bboff\u00bb url_new_window=\u00bbon\u00bb sticky_enabled=\u00bb0&#8243;]X[\/et_pb_social_media_follow_network][et_pb_social_media_follow_network social_network=\u00bbinstagram\u00bb url=\u00bbhttps:\/\/www.instagram.com\/avlaunionhtz\u00bb _builder_version=\u00bb4.23.1&#8243; _module_preset=\u00bbdefault\u00bb background_color=\u00bb#ea2c59&#8243; hover_enabled=\u00bb0&#8243; global_colors_info=\u00bb{}\u00bb theme_builder_area=\u00bbpost_content\u00bb follow_button=\u00bboff\u00bb url_new_window=\u00bbon\u00bb sticky_enabled=\u00bb0&#8243;]instagram[\/et_pb_social_media_follow_network][\/et_pb_social_media_follow][\/et_pb_column][\/et_pb_row][\/et_pb_section]<\/p>\n","protected":false},"excerpt":{"rendered":"<p>La Asociaci\u00f3n Vecinal La Uni\u00f3n de Hortaleza est\u00e1 formada por un grupo de personas que, vinculadas al territorio de Hortaleza, trabajan para mejorar las condiciones de vida del vecindario, afrontando sus problemas y defendiendo los servicios p\u00fablicos y los derechos sociales (vivienda, educaci\u00f3n, sanidad, cultura, etc.) Lo hacemos, adem\u00e1s, de manera voluntaria y sin\u00a0\u00e1nimo\u00a0de\u00a0lucro.<\/p>\n","protected":false},"author":2,"featured_media":0,"parent":0,"menu_order":0,"comment_status":"closed","ping_status":"closed","template":"","meta":{"_et_pb_use_builder":"on","_et_pb_old_content":"","_et_gb_content_width":"","footnotes":""},"class_list":["post-2892","page","type-page","status-publish","hentry"],"_links":{"self":[{"href":"https:\/\/www.cabalgatadehortaleza.org\/index.php?rest_route=\/wp\/v2\/pages\/2892","targetHints":{"allow":["GET"]}}],"collection":[{"href":"https:\/\/www.cabalgatadehortaleza.org\/index.php?rest_route=\/wp\/v2\/pages"}],"about":[{"href":"https:\/\/www.cabalgatadehortaleza.org\/index.php?rest_route=\/wp\/v2\/types\/page"}],"author":[{"embeddable":true,"href":"https:\/\/www.cabalgatadehortaleza.org\/index.php?rest_route=\/wp\/v2\/users\/2"}],"replies":[{"embeddable":true,"href":"https:\/\/www.cabalgatadehortaleza.org\/index.php?rest_route=%2Fwp%2Fv2%2Fcomments&post=2892"}],"version-history":[{"count":2,"href":"https:\/\/www.cabalgatadehortaleza.org\/index.php?rest_route=\/wp\/v2\/pages\/2892\/revisions"}],"predecessor-version":[{"id":2896,"href":"https:\/\/www.cabalgatadehortaleza.org\/index.php?rest_route=\/wp\/v2\/pages\/2892\/revisions\/2896"}],"wp:attachment":[{"href":"https:\/\/www.cabalgatadehortaleza.org\/index.php?rest_route=%2Fwp%2Fv2%2Fmedia&parent=2892"}],"curies":[{"name":"wp","href":"https:\/\/api.w.org\/{rel}","templated":true}]}}